{"id":2921,"date":"2024-10-01T16:49:19","date_gmt":"2024-10-01T14:49:19","guid":{"rendered":"https:\/\/famous-street.com\/?page_id=2921"},"modified":"2024-10-01T16:49:27","modified_gmt":"2024-10-01T14:49:27","slug":"cgu","status":"publish","type":"page","link":"https:\/\/famous-street.com\/?page_id=2921","title":{"rendered":"CGU"},"content":{"rendered":"\n<h3 class=\"wp-block-heading\">Conditions G\u00e9n\u00e9rales d&rsquo;Utilisation (CGU) du site <strong>Famous Street<\/strong><\/h3>\n\n\n\n<p><strong>1. Introduction<\/strong><\/p>\n\n\n\n<p>Les pr\u00e9sentes Conditions G\u00e9n\u00e9rales d&rsquo;Utilisation (ci-apr\u00e8s \u00ab CGU \u00bb) r\u00e9gissent l&rsquo;acc\u00e8s et l&rsquo;utilisation du site internet accessible \u00e0 l&rsquo;adresse suivante : <a href=\"https:\/\/famous-street.com\/\">https:\/\/famous-street.com\/<\/a> (ci-apr\u00e8s le \u00ab Site \u00bb). En acc\u00e9dant au Site, l&rsquo;utilisateur accepte sans r\u00e9serve les pr\u00e9sentes CGU.<\/p>\n\n\n\n<p><strong>2. Informations l\u00e9gales<\/strong><\/p>\n\n\n\n<p>Le Site est \u00e9dit\u00e9 par la soci\u00e9t\u00e9 <strong>Famous Street<\/strong>, immatricul\u00e9e au Registre du Commerce et des Soci\u00e9t\u00e9s de Lille M\u00e9tropole sous le num\u00e9ro <strong>905 171 948<\/strong>, ayant son si\u00e8ge social au <strong>32 Chauss\u00e9e de l&rsquo;H\u00f4tel de Ville, 59650 Villeneuve-d&rsquo;Ascq<\/strong>, France. Le num\u00e9ro de TVA intracommunautaire est <strong>FR80905171948<\/strong>.<\/p>\n\n\n\n<p>La soci\u00e9t\u00e9 est une <strong>Soci\u00e9t\u00e9 par Actions Simplifi\u00e9e (SAS)<\/strong> au capital social de <strong>1 000,00 \u20ac<\/strong>.<\/p>\n\n\n\n<p><strong>3. Objet du site<\/strong><\/p>\n\n\n\n<p>Le Site a pour vocation de pr\u00e9senter et proposer des services de restauration rapide sur place et \u00e0 emporter. Les utilisateurs peuvent passer commande pour des repas \u00e0 consommer sur place ou \u00e0 emporter, conform\u00e9ment aux modalit\u00e9s pr\u00e9cis\u00e9es sur le Site.<\/p>\n\n\n\n<p><strong>4. Acc\u00e8s au site<\/strong><\/p>\n\n\n\n<p>L&rsquo;acc\u00e8s au Site est ouvert \u00e0 toute personne. Cependant, certaines fonctionnalit\u00e9s peuvent \u00eatre r\u00e9serv\u00e9es aux utilisateurs cr\u00e9ant un compte ou aux utilisateurs acceptant de fournir des informations personnelles pour effectuer des achats. L&rsquo;\u00e9diteur se r\u00e9serve le droit de suspendre ou refuser l&rsquo;acc\u00e8s au Site \u00e0 toute personne ne respectant pas les pr\u00e9sentes CGU.<\/p>\n\n\n\n<p><strong>5. Services propos\u00e9s<\/strong><\/p>\n\n\n\n<p>Famous Street propose des services de restauration rapide, \u00e0 consommer sur place ou \u00e0 emporter, en accord avec son code APE <strong>5610C<\/strong> (restauration de type rapide). Ces services sont soumis \u00e0 la convention collective de la restauration rapide <strong>(IDCC 1501)<\/strong>.<\/p>\n\n\n\n<p><strong>6. Responsabilit\u00e9<\/strong><\/p>\n\n\n\n<p>L&rsquo;\u00e9diteur s&rsquo;engage \u00e0 mettre en \u0153uvre tous les moyens n\u00e9cessaires pour assurer un acc\u00e8s de qualit\u00e9 au Site, mais ne peut garantir la disponibilit\u00e9 du service en continu. Famous Street ne pourra \u00eatre tenu responsable en cas de dysfonctionnements li\u00e9s \u00e0 l&rsquo;acc\u00e8s au Site, en raison de probl\u00e8mes techniques ou de maintenance.<\/p>\n\n\n\n<p>L&rsquo;utilisateur est seul responsable de l&rsquo;utilisation qu&rsquo;il fait du contenu et des informations pr\u00e9sentes sur le Site. Famous Street ne pourra \u00eatre tenu responsable des dommages directs ou indirects r\u00e9sultant de l&rsquo;utilisation des services propos\u00e9s sur le Site.<\/p>\n\n\n\n<p><strong>7. Propri\u00e9t\u00e9 intellectuelle<\/strong><\/p>\n\n\n\n<p>Tous les \u00e9l\u00e9ments pr\u00e9sents sur le Site, incluant, sans s&rsquo;y limiter, les textes, images, logos, vid\u00e9os, sont prot\u00e9g\u00e9s par le droit de la propri\u00e9t\u00e9 intellectuelle. Toute reproduction, distribution, modification ou utilisation de ces \u00e9l\u00e9ments sans l&rsquo;autorisation expresse de Famous Street est strictement interdite.<\/p>\n\n\n\n<p><strong>8. Donn\u00e9es personnelles<\/strong><\/p>\n\n\n\n<p>En acc\u00e9dant et en utilisant le Site, certaines donn\u00e9es personnelles peuvent \u00eatre collect\u00e9es. Famous Street s&rsquo;engage \u00e0 respecter la l\u00e9gislation en vigueur sur la protection des donn\u00e9es personnelles, conform\u00e9ment au R\u00e8glement G\u00e9n\u00e9ral sur la Protection des Donn\u00e9es (RGPD). Les utilisateurs disposent d&rsquo;un droit d&rsquo;acc\u00e8s, de modification et de suppression de leurs donn\u00e9es en contactant le service support.<\/p>\n\n\n\n<p><strong>9. Modifications des CGU<\/strong><\/p>\n\n\n\n<p>Famous Street se r\u00e9serve le droit de modifier les pr\u00e9sentes CGU \u00e0 tout moment. Les utilisateurs seront inform\u00e9s de toute modification via une notification sur le Site. En continuant \u00e0 utiliser le Site apr\u00e8s ces modifications, l&rsquo;utilisateur accepte les CGU mises \u00e0 jour.<\/p>\n\n\n\n<p><strong>10. Loi applicable et juridiction<\/strong><\/p>\n\n\n\n<p>Les pr\u00e9sentes CGU sont r\u00e9gies par le droit fran\u00e7ais. Tout litige relatif \u00e0 l&rsquo;ex\u00e9cution ou \u00e0 l&rsquo;interpr\u00e9tation des pr\u00e9sentes CGU sera soumis aux tribunaux comp\u00e9tents de <strong>Lille M\u00e9tropole<\/strong>, sauf dispositions l\u00e9gales contraires.<\/p>\n\n\n\n<hr class=\"wp-block-separator has-alpha-channel-opacity\"\/>\n\n\n\n<p>En utilisant le site <a href=\"https:\/\/famous-street.com\/\">https:\/\/famous-street.com\/<\/a>, l&rsquo;utilisateur reconna\u00eet avoir lu et accept\u00e9 l&rsquo;ensemble des termes des pr\u00e9sentes CGU.<\/p>\n","protected":false},"excerpt":{"rendered":"<p>Conditions G\u00e9n\u00e9rales d&rsquo;Utilisation (CGU) du site Famous Street 1. Introduction Les pr\u00e9sentes Conditions G\u00e9n\u00e9rales d&rsquo;Utilisation (ci-apr\u00e8s \u00ab CGU \u00bb) r\u00e9gissent l&rsquo;acc\u00e8s et l&rsquo;utilisation du site internet accessible \u00e0 l&rsquo;adresse suivante : https:\/\/famous-street.com\/ (ci-apr\u00e8s le \u00ab Site \u00bb). En acc\u00e9dant au Site, l&rsquo;utilisateur accepte sans r\u00e9serve les pr\u00e9sentes CGU. 2. Informations l\u00e9gales Le Site est \u00e9dit\u00e9 [&hellip;]<\/p>\n","protected":false},"author":1,"featured_media":0,"parent":0,"menu_order":0,"comment_status":"closed","ping_status":"closed","template":"","meta":{"footnotes":""},"class_list":["post-2921","page","type-page","status-publish","hentry"],"yoast_head":"<!-- This site is optimized with the Yoast SEO plugin v27.5 - https:\/\/yoast.com\/product\/yoast-seo-wordpress\/ -->\n<title>CGU - Famous Street<\/title>\n<meta name=\"robots\" content=\"index, follow, max-snippet:-1, max-image-preview:large, max-video-preview:-1\" \/>\n<link rel=\"canonical\" href=\"https:\/\/famous-street.com\/?page_id=2921\" \/>\n<meta property=\"og:locale\" content=\"fr_FR\" \/>\n<meta property=\"og:type\" content=\"article\" \/>\n<meta property=\"og:title\" content=\"CGU - Famous Street\" \/>\n<meta property=\"og:description\" content=\"Conditions G\u00e9n\u00e9rales d&rsquo;Utilisation (CGU) du site Famous Street 1. Introduction Les pr\u00e9sentes Conditions G\u00e9n\u00e9rales d&rsquo;Utilisation (ci-apr\u00e8s \u00ab CGU \u00bb) r\u00e9gissent l&rsquo;acc\u00e8s et l&rsquo;utilisation du site internet accessible \u00e0 l&rsquo;adresse suivante : https:\/\/famous-street.com\/ (ci-apr\u00e8s le \u00ab Site \u00bb). En acc\u00e9dant au Site, l&rsquo;utilisateur accepte sans r\u00e9serve les pr\u00e9sentes CGU. 2. Informations l\u00e9gales Le Site est \u00e9dit\u00e9 [&hellip;]\" \/>\n<meta property=\"og:url\" content=\"https:\/\/famous-street.com\/?page_id=2921\" \/>\n<meta property=\"og:site_name\" content=\"Famous Street\" \/>\n<meta property=\"article:modified_time\" content=\"2024-10-01T14:49:27+00:00\" \/>\n<meta name=\"twitter:card\" content=\"summary_large_image\" \/>\n<meta name=\"twitter:label1\" content=\"Dur\u00e9e de lecture estim\u00e9e\" \/>\n\t<meta name=\"twitter:data1\" content=\"3 minutes\" \/>\n<script type=\"application\/ld+json\" class=\"yoast-schema-graph\">{\"@context\":\"https:\\\/\\\/schema.org\",\"@graph\":[{\"@type\":\"WebPage\",\"@id\":\"https:\\\/\\\/famous-street.com\\\/?page_id=2921\",\"url\":\"https:\\\/\\\/famous-street.com\\\/?page_id=2921\",\"name\":\"CGU - Famous Street\",\"isPartOf\":{\"@id\":\"https:\\\/\\\/famous-street.com\\\/#website\"},\"datePublished\":\"2024-10-01T14:49:19+00:00\",\"dateModified\":\"2024-10-01T14:49:27+00:00\",\"breadcrumb\":{\"@id\":\"https:\\\/\\\/famous-street.com\\\/?page_id=2921#breadcrumb\"},\"inLanguage\":\"fr-FR\",\"potentialAction\":[{\"@type\":\"ReadAction\",\"target\":[\"https:\\\/\\\/famous-street.com\\\/?page_id=2921\"]}]},{\"@type\":\"BreadcrumbList\",\"@id\":\"https:\\\/\\\/famous-street.com\\\/?page_id=2921#breadcrumb\",\"itemListElement\":[{\"@type\":\"ListItem\",\"position\":1,\"name\":\"Accueil\",\"item\":\"https:\\\/\\\/famous-street.com\\\/\"},{\"@type\":\"ListItem\",\"position\":2,\"name\":\"CGU\"}]},{\"@type\":\"WebSite\",\"@id\":\"https:\\\/\\\/famous-street.com\\\/#website\",\"url\":\"https:\\\/\\\/famous-street.com\\\/\",\"name\":\"Famous Street\",\"description\":\"Comment \u00e7a tu connais pas Famous Street ?\",\"potentialAction\":[{\"@type\":\"SearchAction\",\"target\":{\"@type\":\"EntryPoint\",\"urlTemplate\":\"https:\\\/\\\/famous-street.com\\\/?s={search_term_string}\"},\"query-input\":{\"@type\":\"PropertyValueSpecification\",\"valueRequired\":true,\"valueName\":\"search_term_string\"}}],\"inLanguage\":\"fr-FR\"}]}<\/script>\n<!-- \/ Yoast SEO plugin. -->","yoast_head_json":{"title":"CGU - Famous Street","robots":{"index":"index","follow":"follow","max-snippet":"max-snippet:-1","max-image-preview":"max-image-preview:large","max-video-preview":"max-video-preview:-1"},"canonical":"https:\/\/famous-street.com\/?page_id=2921","og_locale":"fr_FR","og_type":"article","og_title":"CGU - Famous Street","og_description":"Conditions G\u00e9n\u00e9rales d&rsquo;Utilisation (CGU) du site Famous Street 1. Introduction Les pr\u00e9sentes Conditions G\u00e9n\u00e9rales d&rsquo;Utilisation (ci-apr\u00e8s \u00ab CGU \u00bb) r\u00e9gissent l&rsquo;acc\u00e8s et l&rsquo;utilisation du site internet accessible \u00e0 l&rsquo;adresse suivante : https:\/\/famous-street.com\/ (ci-apr\u00e8s le \u00ab Site \u00bb). En acc\u00e9dant au Site, l&rsquo;utilisateur accepte sans r\u00e9serve les pr\u00e9sentes CGU. 2. Informations l\u00e9gales Le Site est \u00e9dit\u00e9 [&hellip;]","og_url":"https:\/\/famous-street.com\/?page_id=2921","og_site_name":"Famous Street","article_modified_time":"2024-10-01T14:49:27+00:00","twitter_card":"summary_large_image","twitter_misc":{"Dur\u00e9e de lecture estim\u00e9e":"3 minutes"},"schema":{"@context":"https:\/\/schema.org","@graph":[{"@type":"WebPage","@id":"https:\/\/famous-street.com\/?page_id=2921","url":"https:\/\/famous-street.com\/?page_id=2921","name":"CGU - Famous Street","isPartOf":{"@id":"https:\/\/famous-street.com\/#website"},"datePublished":"2024-10-01T14:49:19+00:00","dateModified":"2024-10-01T14:49:27+00:00","breadcrumb":{"@id":"https:\/\/famous-street.com\/?page_id=2921#breadcrumb"},"inLanguage":"fr-FR","potentialAction":[{"@type":"ReadAction","target":["https:\/\/famous-street.com\/?page_id=2921"]}]},{"@type":"BreadcrumbList","@id":"https:\/\/famous-street.com\/?page_id=2921#breadcrumb","itemListElement":[{"@type":"ListItem","position":1,"name":"Accueil","item":"https:\/\/famous-street.com\/"},{"@type":"ListItem","position":2,"name":"CGU"}]},{"@type":"WebSite","@id":"https:\/\/famous-street.com\/#website","url":"https:\/\/famous-street.com\/","name":"Famous Street","description":"Comment \u00e7a tu connais pas Famous Street ?","potentialAction":[{"@type":"SearchAction","target":{"@type":"EntryPoint","urlTemplate":"https:\/\/famous-street.com\/?s={search_term_string}"},"query-input":{"@type":"PropertyValueSpecification","valueRequired":true,"valueName":"search_term_string"}}],"inLanguage":"fr-FR"}]}},"jetpack_sharing_enabled":true,"_links":{"self":[{"href":"https:\/\/famous-street.com\/index.php?rest_route=\/wp\/v2\/pages\/2921","targetHints":{"allow":["GET"]}}],"collection":[{"href":"https:\/\/famous-street.com\/index.php?rest_route=\/wp\/v2\/pages"}],"about":[{"href":"https:\/\/famous-street.com\/index.php?rest_route=\/wp\/v2\/types\/page"}],"author":[{"embeddable":true,"href":"https:\/\/famous-street.com\/index.php?rest_route=\/wp\/v2\/users\/1"}],"replies":[{"embeddable":true,"href":"https:\/\/famous-street.com\/index.php?rest_route=%2Fwp%2Fv2%2Fcomments&post=2921"}],"version-history":[{"count":1,"href":"https:\/\/famous-street.com\/index.php?rest_route=\/wp\/v2\/pages\/2921\/revisions"}],"predecessor-version":[{"id":2923,"href":"https:\/\/famous-street.com\/index.php?rest_route=\/wp\/v2\/pages\/2921\/revisions\/2923"}],"wp:attachment":[{"href":"https:\/\/famous-street.com\/index.php?rest_route=%2Fwp%2Fv2%2Fmedia&parent=2921"}],"curies":[{"name":"wp","href":"https:\/\/api.w.org\/{rel}","templated":true}]}}